{"id":3,"date":"2021-05-13T13:53:11","date_gmt":"2021-05-13T11:53:11","guid":{"rendered":"https:\/\/dev.digitalcreativelab.co\/blocksybase\/?page_id=3"},"modified":"2023-03-15T14:36:48","modified_gmt":"2023-03-15T14:36:48","slug":"privacy-policy","status":"publish","type":"page","link":"https:\/\/www.leboiscoudrais.com\/francais\/privacy-policy\/","title":{"rendered":"Confidentialit\u00e9"},"content":{"rendered":"<h2 class=\"wp-block-heading\">Qui nous sommes<\/h2>\n\n\n\n<p>Claire and Philippe Ybert ( EI)<\/p>\n\n\n\n<p>Le Bois Coudrais<\/p>\n\n\n\n<p>35270 Cuguen<\/p>\n\n\n\n<p>t\u00e9l\u00e9phone +33 299732745<\/p>\n\n\n\n<p>site internet: https:\/\/www.leboiscoudrais.com<\/p>\n\n\n\n<p>Siret Number: 44277694400013<\/p>\n\n\n\n<h2 class=\"wp-block-heading\">Droits d'auteur<\/h2>\n\n\n\n<p>Tous les textes, informations,images,photographies ou tout contenu de ce site web sont prot\u00e9g\u00e9s par le doit d'auteur. Les internautes ne peuvent donc faire usage de ces \u00e9l\u00e9ments qu'\u00e0 des fins priv\u00e9es \u00e0 condition que rien ne soit modifi\u00e9.<\/p>\n\n\n\n<h2 class=\"wp-block-heading\">Formulaire de contact\/r\u00e9servations<\/h2>\n\n\n\n<p>Lorsque vous remplissez un formulaire de contact ou de demande de r\u00e9servation, nous recueillons les informations suivants: <\/p>\n\n\n\n<p>Nom, pr\u00e9nom, adresse email, adresse IP et navigateur pour aider \u00e0 la d\u00e9tection de spam <\/p>\n\n\n\n<p>Ces informations nous sont n\u00e9cessaires pour r\u00e9pondre \u00e0 votre demande<\/p>\n\n\n\n<p>Lors de votre r\u00e9servation, nous vous demanderons \u00e9galement votre adresse, date de naissance et num\u00e9ro de t\u00e9l\u00e9phone. Ces informations sont n\u00e9cessaires \u00e0 l\u2019enregistrement de votre r\u00e9servation et seront conserv\u00e9es de mani\u00e8re s\u00e9curis\u00e9e pendant un dur\u00e9e conforme \u00e0 la l\u00e9gislation en vigueur<\/p>\n\n\n\n<p>Toutes les informations sont strictement confidentielles et ne sont jamais transmises \u00e0 des tiers sans autorisation pr\u00e9alable, sauf obligation l\u00e9gale de le faire<\/p>\n\n\n\n<p>Nous n'utiliserons pas les informations fournies pour vous contacter pour toute autre raison que votre r\u00e9servation ou urgence sur place (t\u00e9l\u00e9phone)<\/p>\n\n\n\n<p><\/p>\n\n\n\n<h2 class=\"wp-block-heading\">Media<\/h2>\n\n\n\n<p>Si vous t\u00e9l\u00e9charger des images sur le site web, vous devez \u00e9viter de t\u00e9l\u00e9charger des images avec des donn\u00e9es de localisation int\u00e9gr\u00e9es.( EXIF GPS) Les visiteurs du site web peuvent t\u00e9l\u00e9charger et extraire toutes les donn\u00e9es de localisation \u00e0 partir des images sur le site web<\/p>\n\n\n\n<h2 class=\"wp-block-heading\">Cookies<\/h2>\n\n\n\n<p>Notre site ne collecte pas de donn\u00e9es, cependant, nous devons collecter des informations sur nos formulaires de demande<\/p>\n\n\n\n<h2 class=\"wp-block-heading\">Contenu int\u00e9gr\u00e9 d'autres sites web<\/h2>\n\n\n\n<p>Les articles de ce site peuvent inclure du contenu int\u00e9gr\u00e9 (par exemple des vid\u00e9os, des images, des articles etc) Le contenu int\u00e9gr\u00e9 d'autres sites web se comporte exactement de la m\u00eame mani\u00e8re que si le visiteur avait visit\u00e9 l'autre site web<\/p>\n\n\n\n<p>Ces sites web peuvent collecter les donn\u00e9es vous concernant, utiliser des cookies, int\u00e9grer un suivi tiers suppl\u00e9mentaire et surveiller votre interaction avec ce contenu int\u00e9gr\u00e9, y compris le suivi de votre interaction avec le contenu int\u00e9gr\u00e9 si vous avez un compte<\/p>\n\n\n\n<h2 class=\"wp-block-heading\">Combien de temps nous conservons vos donn\u00e9es<\/h2>\n\n\n\n<p>Les donn\u00e9es sont conserv\u00e9es de mani\u00e8re s\u00e9curis\u00e9e et confidentielle pendant une dur\u00e9e conforme \u00e0 la l\u00e9gislation en vigueur<\/p>\n\n\n\n<h2 class=\"wp-block-heading\">Quels droits avons- nous sur vos donn\u00e9es<\/h2>\n\n\n\n<p>Vous pouvez demander \u00e0 recevoir un fichier des donn\u00e9es personnelles que nous d\u00e9tenons \u00e0 votre sujet , y compris les donn\u00e9es que vous nous avez fournies. Vous pouvez \u00e9galement nous demander d'effacer toutes les donn\u00e9es personnelles que nous d\u00e9tenons \u00e0 votre sujet. Cela n'inclut pas les donn\u00e9es que nous sommes oblig\u00e9s de conserver \u00e0 des fins administratives, juridiques ou de s\u00e9curit\u00e9<\/p>\n\n\n\n<h2 class=\"wp-block-heading\">O\u00f9 nous envoyons vos donn\u00e9es<\/h2>\n\n\n\n<p>Les commentaires des visiteurs peuvent \u00eatre v\u00e9rifi\u00e9s via un service de filtrage anti-spam automatis\u00e9<\/p>\n\n\n\n<p>Toutes les informations sont strictement confidentielles et ne sont jamais transmises \u00e0 des tiers sans autorisation pr\u00e9alable, sauf obligation l\u00e9gale de le faire<\/p>\n\n\n\n<h2 class=\"wp-block-heading\">Wifi<\/h2>\n\n\n\n<p>Votre adresse IP sera stock\u00e9e par un tiers pour des raisons l\u00e9gales<\/p>\n\n\n\n<h2 class=\"wp-block-heading\">Paiement par carte\/ \u00e0 distance ou sur place<\/h2>\n\n\n\n<p>Nous ne stockons pas votre num\u00e9ro de carte ni aucune autre information pour les paiements effectu\u00e9s sur place ou par t\u00e9l\u00e9phone<\/p>\n\n\n\n<p><\/p>","protected":false},"excerpt":{"rendered":"<p>Who we are Claire and Philippe Ybert ( EI) Le Bois Coudrais 35270 Cuguen Phone number. +33 299732745 Our website address is: https:\/\/www.leboiscoudrais.com. Siret Number: 44277694400013 Copyright All texts , information, pictures, photographs or any content in this website is copyright. Therefore internet users can only make use of these elements for private purposes on [&hellip;]<\/p>\n","protected":false},"author":5,"featured_media":0,"parent":0,"menu_order":0,"comment_status":"closed","ping_status":"closed","template":"","meta":{"footnotes":""},"class_list":["post-3","page","type-page","status-publish","hentry"],"blocksy_meta":{"styles_descriptor":{"styles":{"desktop":"","tablet":"","mobile":""},"google_fonts":[],"version":6}},"_links":{"self":[{"href":"https:\/\/www.leboiscoudrais.com\/francais\/wp-json\/wp\/v2\/pages\/3","targetHints":{"allow":["GET"]}}],"collection":[{"href":"https:\/\/www.leboiscoudrais.com\/francais\/wp-json\/wp\/v2\/pages"}],"about":[{"href":"https:\/\/www.leboiscoudrais.com\/francais\/wp-json\/wp\/v2\/types\/page"}],"author":[{"embeddable":true,"href":"https:\/\/www.leboiscoudrais.com\/francais\/wp-json\/wp\/v2\/users\/5"}],"replies":[{"embeddable":true,"href":"https:\/\/www.leboiscoudrais.com\/francais\/wp-json\/wp\/v2\/comments?post=3"}],"version-history":[{"count":2,"href":"https:\/\/www.leboiscoudrais.com\/francais\/wp-json\/wp\/v2\/pages\/3\/revisions"}],"predecessor-version":[{"id":771,"href":"https:\/\/www.leboiscoudrais.com\/francais\/wp-json\/wp\/v2\/pages\/3\/revisions\/771"}],"wp:attachment":[{"href":"https:\/\/www.leboiscoudrais.com\/francais\/wp-json\/wp\/v2\/media?parent=3"}],"curies":[{"name":"wp","href":"https:\/\/api.w.org\/{rel}","templated":true}]}}