{"id":233,"date":"2023-01-04T06:49:57","date_gmt":"2023-01-04T06:49:57","guid":{"rendered":"https:\/\/www.leboiscoudrais.com\/?page_id=233"},"modified":"2025-10-03T09:49:02","modified_gmt":"2025-10-03T08:49:02","slug":"availability","status":"publish","type":"page","link":"https:\/\/www.leboiscoudrais.com\/francais\/the-gites\/availability\/","title":{"rendered":"Tarifs"},"content":{"rendered":"<div class=\"gb-container gb-container-ac6d5bf4 gb-container-bcbeb744\"><div class=\"gb-inside-container\">\n\n<h2 class=\"gb-headline gb-headline-d5673cf9 gb-headline-text\">Voici les tarifs des&nbsp;<strong>g\u00eetes<\/strong><\/h2>\n\n\n\n<h3 class=\"gb-headline gb-headline-cdc5a3a2 gb-headline-text\">Tarifs 2026<\/h3>\n\n\n\n<figure class=\"wp-block-table\"><table class=\"has-fixed-layout\"><thead><tr><th><strong>202<\/strong>6<\/th><th><strong>Haute saison<\/strong><\/th><th><strong>Mi-haute saison<\/strong><\/th><th><strong>Mi-saison<\/strong><\/th><\/tr><\/thead><tbody><tr><td>La Vieille Boulangerie<\/td><td>\u20ac970<\/td><td>\u20ac825<\/td><td>\u20ac710<\/td><\/tr><tr><td>Le Grenier<\/td><td>\u20ac1,070<\/td><td>\u20ac910<\/td><td>\u20ac785<\/td><\/tr><tr><td>Le Moulin 1<\/td><td>\u20ac1,070<\/td><td>\u20ac910<\/td><td>\u20ac785<\/td><\/tr><tr><td>Le Moulin 2<\/td><td>\u20ac1,070<\/td><td>\u20ac910<\/td><td>\u20ac785<\/td><\/tr><\/tbody><\/table><\/figure>\n\n\n\n<h4 class=\"gb-headline gb-headline-9c1cbeb3 gb-headline-text\">Saisons<\/h4>\n\n\n\n<p><strong>Haute saison :<\/strong>\u00a011 juillet - 28 ao\u00fbt<\/p>\n\n\n\n<p><strong>Mi-haute saison :<\/strong>\u00a0 13 juin - 10 juillet. 29 ao\u00fbt - 4 septembre<\/p>\n\n\n\n<p><strong>Mi-saison :<\/strong>\u00a022 mai - 12 juin<\/p>\n\n\n\n<p class=\"has-palette-color-8-color has-palette-color-1-background-color has-text-color has-background\">Les jours d'arriv\u00e9e et de d\u00e9part pour tous les g\u00eetes sont flexibles avec un s\u00e9jour minimum de 7 nuits en juillet et ao\u00fbt<\/p>\n\n\n\n<p><br>Les prix sont factur\u00e9s par semaine, par g\u00eete, et comprennent le TVA, le gaz, l'eau et l'\u00e9lectricit\u00e9. Les lits pour b\u00e9b\u00e9, la barri\u00e8re de lit, les chaises hautes et la baignoire pour b\u00e9b\u00e9 sont disponibles sans frais suppl\u00e9mentaires lorsqu'ils sont r\u00e9serv\u00e9s \u00e0 l'avance.<\/p>\n\n\n\n<p>La taxe de s\u00e9jour de 0,88 \u20ac par nuit et par personne de plus de 16 ans, est en vigueur et peut \u00eatre r\u00e9gl\u00e9e lors du paiement final.<\/p>\n\n\n\n<p>Le linge de maison n'est pas inclus mais peut \u00eatre lou\u00e9 moyennant un suppl\u00e9ment de 20 euros par personne et par semaine. Veuillez noter que nous ne fournissons pas de serviettes.<br>Le m\u00e9nage n'est pas inclus, nous esp\u00e9rons que vous laisserez le g\u00eete comme vous l'avez trouv\u00e9. Si vous n'avez pas le temps de faire le m\u00e9nage, une somme suppl\u00e9mentaire de 75 \u20ac peut \u00eatre ajout\u00e9e sur demande sur place<br>\u00a0<\/p>\n\n<\/div><\/div>","protected":false},"excerpt":{"rendered":"<p>Here are the tariffs for all our&nbsp;gites Tariffs 2026 2026 Peak Season High Season Mid Season The Old Bakery \u20ac970 \u20ac825 \u20ac710 The Granary \u20ac1,070 \u20ac910 \u20ac785 Mill One \u20ac1,070 \u20ac910 \u20ac785 Mill Two \u20ac1,070 \u20ac910 \u20ac785 Seasons Peak Season:\u00a011th July &#8211; 28th August High Season:\u00a0 13th June \u2013 July 10 th. \u00a0August 29th &#8211; [&hellip;]<\/p>\n","protected":false},"author":5,"featured_media":0,"parent":210,"menu_order":0,"comment_status":"closed","ping_status":"closed","template":"","meta":{"footnotes":""},"class_list":["post-233","page","type-page","status-publish","hentry"],"blocksy_meta":{"styles_descriptor":{"styles":{"desktop":"","tablet":"","mobile":""},"google_fonts":[],"version":6}},"_links":{"self":[{"href":"https:\/\/www.leboiscoudrais.com\/francais\/wp-json\/wp\/v2\/pages\/233","targetHints":{"allow":["GET"]}}],"collection":[{"href":"https:\/\/www.leboiscoudrais.com\/francais\/wp-json\/wp\/v2\/pages"}],"about":[{"href":"https:\/\/www.leboiscoudrais.com\/francais\/wp-json\/wp\/v2\/types\/page"}],"author":[{"embeddable":true,"href":"https:\/\/www.leboiscoudrais.com\/francais\/wp-json\/wp\/v2\/users\/5"}],"replies":[{"embeddable":true,"href":"https:\/\/www.leboiscoudrais.com\/francais\/wp-json\/wp\/v2\/comments?post=233"}],"version-history":[{"count":3,"href":"https:\/\/www.leboiscoudrais.com\/francais\/wp-json\/wp\/v2\/pages\/233\/revisions"}],"predecessor-version":[{"id":998,"href":"https:\/\/www.leboiscoudrais.com\/francais\/wp-json\/wp\/v2\/pages\/233\/revisions\/998"}],"up":[{"embeddable":true,"href":"https:\/\/www.leboiscoudrais.com\/francais\/wp-json\/wp\/v2\/pages\/210"}],"wp:attachment":[{"href":"https:\/\/www.leboiscoudrais.com\/francais\/wp-json\/wp\/v2\/media?parent=233"}],"curies":[{"name":"wp","href":"https:\/\/api.w.org\/{rel}","templated":true}]}}