{"id":213,"date":"2023-01-04T06:47:39","date_gmt":"2023-01-04T06:47:39","guid":{"rendered":"https:\/\/www.leboiscoudrais.com\/?page_id=213"},"modified":"2023-06-30T13:52:04","modified_gmt":"2023-06-30T12:52:04","slug":"out-and-about","status":"publish","type":"page","link":"https:\/\/www.leboiscoudrais.com\/francais\/out-and-about\/","title":{"rendered":"Les Environs"},"content":{"rendered":"<div class=\"gb-container gb-container-193e89fb gb-container-fdd2788d\"><div class=\"gb-inside-container\">\n<div class=\"gb-grid-wrapper gb-grid-wrapper-4aee6ff0\">\n<div class=\"gb-grid-column gb-grid-column-64a0e51a\"><div class=\"gb-container gb-container-64a0e51a\"><div class=\"gb-inside-container\">\n\n<h3 class=\"gb-headline gb-headline-13917e7e gb-headline-text\"><strong>Il y a beaucoup d'endroits \u00e0 visiter et des choses \u00e0 faire \u00e0 proximit\u00e9...<\/strong><\/h3>\n\n\n\n<ul class=\"wp-block-list\">\n<li>De nombreux sites historiques et villes m\u00e9di\u00e9vales tels que :<br><a rel=\"noreferrer noopener\" href=\"http:\/\/www.ot-montsaintmichel.com\/index.htm\" target=\"_blank\">Le Mont Saint-Michel,<\/a>&nbsp;<a rel=\"noreferrer noopener\" href=\"http:\/\/www.saint-malo-tourisme.com\/\" target=\"_blank\">Saint Malo,<\/a>&nbsp;<a rel=\"noreferrer noopener\" href=\"https:\/\/www.dinan-capfrehel.com\/\" target=\"_blank\">Dinan<\/a>,&nbsp;<a href=\"https:\/\/www.destination-fougeres.bzh\/\" target=\"_blank\" rel=\"noreferrer noopener\">Foug\u00e8res<\/a>,&nbsp;<a rel=\"noreferrer noopener\" href=\"https:\/\/www.tourismebretagne.com\/destinations\/les-10-destinations\/cap-frehel-saint-malo-baie-du-mont-saint-michel\/combourg\/\" target=\"_blank\">Combourg<\/a>,&nbsp;<a rel=\"noreferrer noopener\" href=\"https:\/\/www.tourismebretagne.com\/destinations\/les-10-destinations\/cap-frehel-saint-malo-baie-du-mont-saint-michel\/dol-de-bretagne-et-le-mont-dol\/\" target=\"_blank\">Dol-de-Bretagne<\/a>,&nbsp;<a rel=\"noreferrer noopener\" href=\"https:\/\/www.tourismebretagne.com\/destinations\/les-10-destinations\/cap-frehel-saint-malo-baie-du-mont-saint-michel\/dinard-saint-briac-et-saint-lunaire\/\" target=\"_blank\">Dinard<\/a>&nbsp;et&nbsp;<a href=\"https:\/\/www.bretagne-vitre.com\/\" target=\"_blank\" rel=\"noreferrer noopener\">Vitr\u00e9<\/a>.<\/li>\n\n\n\n<li><a href=\"http:\/\/www.tourisme-rennes.com\/\" target=\"_blank\" rel=\"noreferrer noopener\">Rennes<\/a>&nbsp;- Notre ville la plus proche et  capitale de la Bretagne, avec ses rues m\u00e9di\u00e9vales, ses restaurants, son shopping, ses mus\u00e9es, sa patinoire, ses piscines municipales, etc.<\/li>\n\n\n\n<li>Le port de p\u00eache de&nbsp;<a href=\"https:\/\/www.tourismebretagne.com\/destinations\/les-10-destinations\/cap-frehel-saint-malo-baie-du-mont-saint-michel\/cancale\/\" target=\"_blank\" rel=\"noreferrer noopener\">Cancale<\/a>, c\u00e9l\u00e8bre pour ses hu\u00eetres et ses fruits de mer.<\/li>\n\n\n\n<li>Les c\u00e9l\u00e8bres \u00e9cluses d'&nbsp;<a href=\"https:\/\/www.tourismebretagne.com\/destinations\/les-10-destinations\/cap-frehel-saint-malo-baie-du-mont-saint-michel\/les-onze-ecluses-dhede-bazouges-et-le-canal-dille-et-rance\/\" target=\"_blank\" rel=\"noreferrer noopener\">H\u00e9d\u00e9<\/a>&nbsp;sur le canal d'Ille-et-Rance.<\/li>\n\n\n\n<li>Le golf \u00e0 gogo aux&nbsp;<a href=\"http:\/\/www.lesormes.com\/en\/\" target=\"_blank\" rel=\"noreferrer noopener\">Ormes<\/a>&nbsp;et&nbsp;<a href=\"http:\/\/www.saintmalogolf.com\/\" target=\"_blank\" rel=\"noreferrer noopener\">et au Tronchet<\/a>.<\/li>\n\n\n\n<li>Indoor&nbsp;<a href=\"https:\/\/www.newjumprennes.com\/\" target=\"_blank\" rel=\"noreferrer noopener\">Trampoline<\/a>&nbsp;Park (parc de trampolines couvert)<\/li>\n\n\n\n<li><a href=\"http:\/\/www.cobac-parc.com\/\" target=\"_blank\" rel=\"noreferrer noopener\">Cobac<\/a>&nbsp;parc d'aventures pour enfants.<\/li>\n\n\n\n<li><a href=\"http:\/\/www.labourbansais.com\/\" target=\"_blank\" rel=\"noreferrer noopener\">La Bourbansais :<\/a>&nbsp;parc zoologique.<\/li>\n\n\n\n<li><a href=\"http:\/\/www.aquarium-st-malo.com\/\" target=\"_blank\" rel=\"noreferrer noopener\">Le Grand Aquarium<\/a>&nbsp;\u00e0 Saint-Malo.<\/li>\n\n\n\n<li>&nbsp;<a href=\"https:\/\/www.alligator-bay.com\/\" target=\"_blank\" rel=\"noreferrer noopener\">Alligator Bay<\/a>.<\/li>\n\n\n\n<li>Accrobranche&nbsp;<a href=\"https:\/\/www.les-bretons-perches.bzh\/\" target=\"_blank\" rel=\"noreferrer noopener\">https:\/\/www.les-bretons-perches.bzh\/<\/a>&nbsp; et bien plus encore dans la for\u00eat voisine de&nbsp;<a rel=\"noreferrer noopener\" href=\"https:\/\/www.tourisme-marchesdebretagne.com\/decouvrir\/recrenature-et-la-foret-de-villecartier\/\" target=\"_blank\">Villecartier<\/a>.<\/li>\n\n\n\n<li><a href=\"https:\/\/www.bretagne35.com\/offres\/centre-de-char-a-voile-char-en-baie-cherrueix-fr-2725177\/\" target=\"_blank\" rel=\"noreferrer noopener\">Char \u00e0 voile<\/a>&nbsp;\u00e0 Ch\u00e9rieux.<\/li>\n\n\n\n<li>Une s\u00e9lection quotidienne de march\u00e9s en plein air color\u00e9s.<\/li>\n\n\n\n<li>Les superbes plages de la C\u00f4te d'Emeraude et des C\u00f4tes d'Armor<\/li>\n<\/ul>\n\n<\/div><\/div><\/div>\n\n<div class=\"gb-grid-column gb-grid-column-dd99c72d\"><div class=\"gb-container gb-container-dd99c72d\"><div class=\"gb-inside-container\">\n\n<figure class=\"wp-block-embed is-type-video is-provider-youtube wp-block-embed-youtube wp-embed-aspect-16-9 wp-has-aspect-ratio\"><div class=\"wp-block-embed__wrapper\">\n<iframe loading=\"lazy\" title=\"Le Bois Coudrais - Things to do in Brittany\" width=\"1280\" height=\"720\" src=\"https:\/\/www.youtube.com\/embed\/YN9LkCwCeQM?feature=oembed\" frameborder=\"0\" allow=\"accelerometer; autoplay; clipboard-write; encrypted-media; gyroscope; picture-in-picture; web-share\" referrerpolicy=\"strict-origin-when-cross-origin\" allowfullscreen><\/iframe>\n<\/div><\/figure>\n\n\n\n<figure class=\"gb-block-image gb-block-image-261f9092\"><img loading=\"lazy\" decoding=\"async\" width=\"600\" height=\"450\" class=\"gb-image gb-image-261f9092\" src=\"https:\/\/www.leboiscoudrais.com\/wp-content\/uploads\/2023\/01\/combourg-and-chateau-c.jpg\" alt=\"Combourg and Chateau-c\" title=\"Combourg and Chateau-c\" srcset=\"https:\/\/www.leboiscoudrais.com\/wp-content\/uploads\/2023\/01\/combourg-and-chateau-c.jpg 600w, https:\/\/www.leboiscoudrais.com\/wp-content\/uploads\/2023\/01\/combourg-and-chateau-c-300x225.jpg 300w, https:\/\/www.leboiscoudrais.com\/wp-content\/uploads\/2023\/01\/combourg-and-chateau-c-16x12.jpg 16w\" sizes=\"auto, (max-width: 600px) 100vw, 600px\" \/><\/figure>\n\n<\/div><\/div><\/div>\n<\/div>\n<\/div><\/div>\n\n<div class=\"gb-container gb-container-4bd1473c\"><div class=\"gb-inside-container\">\n\n<h4 class=\"gb-headline gb-headline-842d02e4 gb-headline-text\">Photos des endroits \u00e0 proximit\u00e9<\/h4>\n\n\n\n<figure class=\"wp-block-gallery has-nested-images columns-3 is-cropped has-palette-color-7-background-color has-background wp-block-gallery-1 is-layout-flex wp-block-gallery-is-layout-flex\">\n<figure class=\"wp-block-image size-full\"><a href=\"https:\/\/www.leboiscoudrais.com\/wp-content\/uploads\/2023\/02\/market-combourg.jpg\"><img loading=\"lazy\" decoding=\"async\" width=\"720\" height=\"960\" data-id=\"666\" src=\"https:\/\/www.leboiscoudrais.com\/wp-content\/uploads\/2023\/02\/market-combourg.jpg\" alt=\"Market day in Combourg in Ille-et-Vilaine departement of Brittany\" class=\"wp-image-666\" srcset=\"https:\/\/www.leboiscoudrais.com\/wp-content\/uploads\/2023\/02\/market-combourg.jpg 720w, https:\/\/www.leboiscoudrais.com\/wp-content\/uploads\/2023\/02\/market-combourg-225x300.jpg 225w, https:\/\/www.leboiscoudrais.com\/wp-content\/uploads\/2023\/02\/market-combourg-9x12.jpg 9w\" sizes=\"auto, (max-width: 720px) 100vw, 720px\" \/><\/a><figcaption class=\"wp-element-caption\">Combourg Market day<\/figcaption><\/figure>\n\n\n\n<figure class=\"wp-block-image size-full\"><a href=\"https:\/\/www.leboiscoudrais.com\/wp-content\/uploads\/2023\/02\/le-mont-st.-michel-c.jpg\"><img loading=\"lazy\" decoding=\"async\" width=\"800\" height=\"600\" data-id=\"588\" src=\"https:\/\/www.leboiscoudrais.com\/wp-content\/uploads\/2023\/02\/le-mont-st.-michel-c.jpg\" alt=\"Mont Saint Michel in the Manche departement of Normandy\" class=\"wp-image-588\" srcset=\"https:\/\/www.leboiscoudrais.com\/wp-content\/uploads\/2023\/02\/le-mont-st.-michel-c.jpg 800w, https:\/\/www.leboiscoudrais.com\/wp-content\/uploads\/2023\/02\/le-mont-st.-michel-c-300x225.jpg 300w, https:\/\/www.leboiscoudrais.com\/wp-content\/uploads\/2023\/02\/le-mont-st.-michel-c-768x576.jpg 768w, https:\/\/www.leboiscoudrais.com\/wp-content\/uploads\/2023\/02\/le-mont-st.-michel-c-16x12.jpg 16w\" sizes=\"auto, (max-width: 800px) 100vw, 800px\" \/><\/a><figcaption class=\"wp-element-caption\">le Mont Saint Michel<\/figcaption><\/figure>\n\n\n\n<figure class=\"wp-block-image size-large\"><a href=\"https:\/\/www.leboiscoudrais.com\/wp-content\/uploads\/2023\/02\/bay-walking-mont-st.michel.jpg\"><img loading=\"lazy\" decoding=\"async\" width=\"1024\" height=\"683\" data-id=\"674\" src=\"https:\/\/www.leboiscoudrais.com\/wp-content\/uploads\/2023\/02\/bay-walking-mont-st.michel-1024x683.jpg\" alt=\"Walkers at low tide in the Bay of Mont Saint Michel in Normandy\" class=\"wp-image-674\" srcset=\"https:\/\/www.leboiscoudrais.com\/wp-content\/uploads\/2023\/02\/bay-walking-mont-st.michel-1024x683.jpg 1024w, https:\/\/www.leboiscoudrais.com\/wp-content\/uploads\/2023\/02\/bay-walking-mont-st.michel-300x200.jpg 300w, https:\/\/www.leboiscoudrais.com\/wp-content\/uploads\/2023\/02\/bay-walking-mont-st.michel-768x512.jpg 768w, https:\/\/www.leboiscoudrais.com\/wp-content\/uploads\/2023\/02\/bay-walking-mont-st.michel-18x12.jpg 18w, https:\/\/www.leboiscoudrais.com\/wp-content\/uploads\/2023\/02\/bay-walking-mont-st.michel.jpg 1111w\" sizes=\"auto, (max-width: 1024px) 100vw, 1024px\" \/><\/a><figcaption class=\"wp-element-caption\">Bay walking Le Mont Saint Michel<\/figcaption><\/figure>\n\n\n\n<figure class=\"wp-block-image size-full\"><a href=\"https:\/\/www.leboiscoudrais.com\/wp-content\/uploads\/2023\/02\/fishing-boats-cancale-c.jpg\"><img loading=\"lazy\" decoding=\"async\" width=\"800\" height=\"600\" data-id=\"583\" src=\"https:\/\/www.leboiscoudrais.com\/wp-content\/uploads\/2023\/02\/fishing-boats-cancale-c.jpg\" alt=\"Fishing boats Cancale\" class=\"wp-image-583\" srcset=\"https:\/\/www.leboiscoudrais.com\/wp-content\/uploads\/2023\/02\/fishing-boats-cancale-c.jpg 800w, https:\/\/www.leboiscoudrais.com\/wp-content\/uploads\/2023\/02\/fishing-boats-cancale-c-300x225.jpg 300w, https:\/\/www.leboiscoudrais.com\/wp-content\/uploads\/2023\/02\/fishing-boats-cancale-c-768x576.jpg 768w, https:\/\/www.leboiscoudrais.com\/wp-content\/uploads\/2023\/02\/fishing-boats-cancale-c-16x12.jpg 16w\" sizes=\"auto, (max-width: 800px) 100vw, 800px\" \/><\/a><figcaption class=\"wp-element-caption\">Fishing boats Cancale<\/figcaption><\/figure>\n\n\n\n<figure class=\"wp-block-image size-large\"><a href=\"https:\/\/www.leboiscoudrais.com\/wp-content\/uploads\/2023\/02\/cancale-scaled.jpg\"><img loading=\"lazy\" decoding=\"async\" width=\"1024\" height=\"768\" data-id=\"675\" src=\"https:\/\/www.leboiscoudrais.com\/wp-content\/uploads\/2023\/02\/cancale-1024x768.jpg\" alt=\"Oyster and mussel stall at Cancale\" class=\"wp-image-675\" srcset=\"https:\/\/www.leboiscoudrais.com\/wp-content\/uploads\/2023\/02\/cancale-1024x768.jpg 1024w, https:\/\/www.leboiscoudrais.com\/wp-content\/uploads\/2023\/02\/cancale-300x225.jpg 300w, https:\/\/www.leboiscoudrais.com\/wp-content\/uploads\/2023\/02\/cancale-768x576.jpg 768w, https:\/\/www.leboiscoudrais.com\/wp-content\/uploads\/2023\/02\/cancale-1536x1152.jpg 1536w, https:\/\/www.leboiscoudrais.com\/wp-content\/uploads\/2023\/02\/cancale-2048x1536.jpg 2048w, https:\/\/www.leboiscoudrais.com\/wp-content\/uploads\/2023\/02\/cancale-16x12.jpg 16w\" sizes=\"auto, (max-width: 1024px) 100vw, 1024px\" \/><\/a><figcaption class=\"wp-element-caption\">Oysters and Moules at Cancale<\/figcaption><\/figure>\n\n\n\n<figure class=\"wp-block-image size-full\"><a href=\"https:\/\/www.leboiscoudrais.com\/wp-content\/uploads\/2023\/02\/intra-muros-saint-malo-c.jpg\"><img loading=\"lazy\" decoding=\"async\" width=\"640\" height=\"480\" data-id=\"587\" src=\"https:\/\/www.leboiscoudrais.com\/wp-content\/uploads\/2023\/02\/intra-muros-saint-malo-c.jpg\" alt=\"Intra muros (historical centre) at Saint Malo\" class=\"wp-image-587\" srcset=\"https:\/\/www.leboiscoudrais.com\/wp-content\/uploads\/2023\/02\/intra-muros-saint-malo-c.jpg 640w, https:\/\/www.leboiscoudrais.com\/wp-content\/uploads\/2023\/02\/intra-muros-saint-malo-c-300x225.jpg 300w, https:\/\/www.leboiscoudrais.com\/wp-content\/uploads\/2023\/02\/intra-muros-saint-malo-c-16x12.jpg 16w\" sizes=\"auto, (max-width: 640px) 100vw, 640px\" \/><\/a><figcaption class=\"wp-element-caption\">Intra Muros Saint Malo<\/figcaption><\/figure>\n\n\n\n<figure class=\"wp-block-image size-full\"><a href=\"https:\/\/www.leboiscoudrais.com\/wp-content\/uploads\/2023\/02\/fort-national-saint-malo-c.jpg\"><img loading=\"lazy\" decoding=\"async\" width=\"800\" height=\"600\" data-id=\"584\" src=\"https:\/\/www.leboiscoudrais.com\/wp-content\/uploads\/2023\/02\/fort-national-saint-malo-c.jpg\" alt=\"Fort National Saint Malo\" class=\"wp-image-584\" srcset=\"https:\/\/www.leboiscoudrais.com\/wp-content\/uploads\/2023\/02\/fort-national-saint-malo-c.jpg 800w, https:\/\/www.leboiscoudrais.com\/wp-content\/uploads\/2023\/02\/fort-national-saint-malo-c-300x225.jpg 300w, https:\/\/www.leboiscoudrais.com\/wp-content\/uploads\/2023\/02\/fort-national-saint-malo-c-768x576.jpg 768w, https:\/\/www.leboiscoudrais.com\/wp-content\/uploads\/2023\/02\/fort-national-saint-malo-c-16x12.jpg 16w\" sizes=\"auto, (max-width: 800px) 100vw, 800px\" \/><\/a><figcaption class=\"wp-element-caption\">Fort National Saint Malo<\/figcaption><\/figure>\n\n\n\n<figure class=\"wp-block-image size-full\"><a href=\"https:\/\/www.leboiscoudrais.com\/wp-content\/uploads\/2023\/02\/st.-malo-plage-c.jpg\"><img loading=\"lazy\" decoding=\"async\" width=\"598\" height=\"449\" data-id=\"597\" src=\"https:\/\/www.leboiscoudrais.com\/wp-content\/uploads\/2023\/02\/st.-malo-plage-c.jpg\" alt=\"Plage du Sillon at Saint Malo\" class=\"wp-image-597\" srcset=\"https:\/\/www.leboiscoudrais.com\/wp-content\/uploads\/2023\/02\/st.-malo-plage-c.jpg 598w, https:\/\/www.leboiscoudrais.com\/wp-content\/uploads\/2023\/02\/st.-malo-plage-c-300x225.jpg 300w, https:\/\/www.leboiscoudrais.com\/wp-content\/uploads\/2023\/02\/st.-malo-plage-c-16x12.jpg 16w\" sizes=\"auto, (max-width: 598px) 100vw, 598px\" \/><\/a><figcaption class=\"wp-element-caption\">St. Malo &#8211; Plage du Sillon<\/figcaption><\/figure>\n\n\n\n<figure class=\"wp-block-image size-large\"><a href=\"https:\/\/www.leboiscoudrais.com\/wp-content\/uploads\/2023\/02\/coastal-walk-gr34-scaled.jpg\"><img loading=\"lazy\" decoding=\"async\" width=\"1024\" height=\"768\" data-id=\"677\" src=\"https:\/\/www.leboiscoudrais.com\/wp-content\/uploads\/2023\/02\/coastal-walk-gr34-1024x768.jpg\" alt=\"GR34 Sentier des Douaniers - Coastal walk\" class=\"wp-image-677\" srcset=\"https:\/\/www.leboiscoudrais.com\/wp-content\/uploads\/2023\/02\/coastal-walk-gr34-1024x768.jpg 1024w, https:\/\/www.leboiscoudrais.com\/wp-content\/uploads\/2023\/02\/coastal-walk-gr34-300x225.jpg 300w, https:\/\/www.leboiscoudrais.com\/wp-content\/uploads\/2023\/02\/coastal-walk-gr34-768x576.jpg 768w, https:\/\/www.leboiscoudrais.com\/wp-content\/uploads\/2023\/02\/coastal-walk-gr34-1536x1152.jpg 1536w, https:\/\/www.leboiscoudrais.com\/wp-content\/uploads\/2023\/02\/coastal-walk-gr34-2048x1536.jpg 2048w, https:\/\/www.leboiscoudrais.com\/wp-content\/uploads\/2023\/02\/coastal-walk-gr34-16x12.jpg 16w\" sizes=\"auto, (max-width: 1024px) 100vw, 1024px\" \/><\/a><figcaption class=\"wp-element-caption\">GR 34 Sentier des Douaniers<\/figcaption><\/figure>\n\n\n\n<figure class=\"wp-block-image size-full\"><a href=\"https:\/\/www.leboiscoudrais.com\/wp-content\/uploads\/2023\/02\/dinan-rue-jerzuel-to-old-port.jpg\"><img loading=\"lazy\" decoding=\"async\" width=\"504\" height=\"756\" data-id=\"656\" src=\"https:\/\/www.leboiscoudrais.com\/wp-content\/uploads\/2023\/02\/dinan-rue-jerzuel-to-old-port.jpg\" alt=\"Narrow street in Dinan old town\" class=\"wp-image-656\" srcset=\"https:\/\/www.leboiscoudrais.com\/wp-content\/uploads\/2023\/02\/dinan-rue-jerzuel-to-old-port.jpg 504w, https:\/\/www.leboiscoudrais.com\/wp-content\/uploads\/2023\/02\/dinan-rue-jerzuel-to-old-port-200x300.jpg 200w, https:\/\/www.leboiscoudrais.com\/wp-content\/uploads\/2023\/02\/dinan-rue-jerzuel-to-old-port-8x12.jpg 8w\" sizes=\"auto, (max-width: 504px) 100vw, 504px\" \/><\/a><figcaption class=\"wp-element-caption\">Vieux Dinan<\/figcaption><\/figure>\n\n\n\n<figure class=\"wp-block-image size-full\"><a href=\"https:\/\/www.leboiscoudrais.com\/wp-content\/uploads\/2023\/02\/ramparts-of-dinan-c.jpg\"><img loading=\"lazy\" decoding=\"async\" width=\"800\" height=\"600\" data-id=\"594\" src=\"https:\/\/www.leboiscoudrais.com\/wp-content\/uploads\/2023\/02\/ramparts-of-dinan-c.jpg\" alt=\"Ramparts of Dinan\" class=\"wp-image-594\" srcset=\"https:\/\/www.leboiscoudrais.com\/wp-content\/uploads\/2023\/02\/ramparts-of-dinan-c.jpg 800w, https:\/\/www.leboiscoudrais.com\/wp-content\/uploads\/2023\/02\/ramparts-of-dinan-c-300x225.jpg 300w, https:\/\/www.leboiscoudrais.com\/wp-content\/uploads\/2023\/02\/ramparts-of-dinan-c-768x576.jpg 768w, https:\/\/www.leboiscoudrais.com\/wp-content\/uploads\/2023\/02\/ramparts-of-dinan-c-16x12.jpg 16w\" sizes=\"auto, (max-width: 800px) 100vw, 800px\" \/><\/a><figcaption class=\"wp-element-caption\">Ramparts of Dinan<\/figcaption><\/figure>\n\n\n\n<figure class=\"wp-block-image size-full\"><a href=\"https:\/\/www.leboiscoudrais.com\/wp-content\/uploads\/2023\/02\/guesclin-c.jpg\"><img loading=\"lazy\" decoding=\"async\" width=\"800\" height=\"600\" data-id=\"585\" src=\"https:\/\/www.leboiscoudrais.com\/wp-content\/uploads\/2023\/02\/guesclin-c.jpg\" alt=\"Plage du Guesclin at Saint-Coulomb in Ille-et-Vilaine, Brittany\" class=\"wp-image-585\" srcset=\"https:\/\/www.leboiscoudrais.com\/wp-content\/uploads\/2023\/02\/guesclin-c.jpg 800w, https:\/\/www.leboiscoudrais.com\/wp-content\/uploads\/2023\/02\/guesclin-c-300x225.jpg 300w, https:\/\/www.leboiscoudrais.com\/wp-content\/uploads\/2023\/02\/guesclin-c-768x576.jpg 768w, https:\/\/www.leboiscoudrais.com\/wp-content\/uploads\/2023\/02\/guesclin-c-16x12.jpg 16w\" sizes=\"auto, (max-width: 800px) 100vw, 800px\" \/><\/a><figcaption class=\"wp-element-caption\">Plage du Guesclin<\/figcaption><\/figure>\n\n\n\n<figure class=\"wp-block-image size-full\"><a href=\"https:\/\/www.leboiscoudrais.com\/wp-content\/uploads\/2023\/02\/hede-stairway-of-locks.jpg\"><img loading=\"lazy\" decoding=\"async\" width=\"504\" height=\"756\" data-id=\"661\" src=\"https:\/\/www.leboiscoudrais.com\/wp-content\/uploads\/2023\/02\/hede-stairway-of-locks.jpg\" alt=\"Eleven locks at H\u00e9d\u00e9-Bazouges\" class=\"wp-image-661\" srcset=\"https:\/\/www.leboiscoudrais.com\/wp-content\/uploads\/2023\/02\/hede-stairway-of-locks.jpg 504w, https:\/\/www.leboiscoudrais.com\/wp-content\/uploads\/2023\/02\/hede-stairway-of-locks-200x300.jpg 200w, https:\/\/www.leboiscoudrais.com\/wp-content\/uploads\/2023\/02\/hede-stairway-of-locks-8x12.jpg 8w\" sizes=\"auto, (max-width: 504px) 100vw, 504px\" \/><\/a><figcaption class=\"wp-element-caption\">Onze \u00e9cluses H\u00e9d\u00e9-bazouges<\/figcaption><\/figure>\n\n\n\n<figure class=\"wp-block-image size-large\"><a href=\"https:\/\/www.leboiscoudrais.com\/wp-content\/uploads\/2023\/02\/hede.jpg\"><img loading=\"lazy\" decoding=\"async\" width=\"1024\" height=\"768\" data-id=\"662\" src=\"https:\/\/www.leboiscoudrais.com\/wp-content\/uploads\/2023\/02\/hede-1024x768.jpg\" alt=\"Cycle path at H\u00e9d\u00e9-Bazouges\" class=\"wp-image-662\" srcset=\"https:\/\/www.leboiscoudrais.com\/wp-content\/uploads\/2023\/02\/hede-1024x768.jpg 1024w, https:\/\/www.leboiscoudrais.com\/wp-content\/uploads\/2023\/02\/hede-300x225.jpg 300w, https:\/\/www.leboiscoudrais.com\/wp-content\/uploads\/2023\/02\/hede-768x576.jpg 768w, https:\/\/www.leboiscoudrais.com\/wp-content\/uploads\/2023\/02\/hede-1536x1152.jpg 1536w, https:\/\/www.leboiscoudrais.com\/wp-content\/uploads\/2023\/02\/hede-16x12.jpg 16w, https:\/\/www.leboiscoudrais.com\/wp-content\/uploads\/2023\/02\/hede.jpg 1600w\" sizes=\"auto, (max-width: 1024px) 100vw, 1024px\" \/><\/a><figcaption class=\"wp-element-caption\">Cycle path at H\u00e9d\u00e9<\/figcaption><\/figure>\n\n\n\n<figure class=\"wp-block-image size-full\"><a href=\"https:\/\/www.leboiscoudrais.com\/wp-content\/uploads\/2023\/02\/vitre-2.jpg\"><img loading=\"lazy\" decoding=\"async\" width=\"504\" height=\"756\" data-id=\"671\" src=\"https:\/\/www.leboiscoudrais.com\/wp-content\/uploads\/2023\/02\/vitre-2.jpg\" alt=\"Coloured doors and windows in Vitr\u00e9's historical centre, Brittany\" class=\"wp-image-671\" srcset=\"https:\/\/www.leboiscoudrais.com\/wp-content\/uploads\/2023\/02\/vitre-2.jpg 504w, https:\/\/www.leboiscoudrais.com\/wp-content\/uploads\/2023\/02\/vitre-2-200x300.jpg 200w, https:\/\/www.leboiscoudrais.com\/wp-content\/uploads\/2023\/02\/vitre-2-8x12.jpg 8w\" sizes=\"auto, (max-width: 504px) 100vw, 504px\" \/><\/a><figcaption class=\"wp-element-caption\">Vitr\u00e9<\/figcaption><\/figure>\n\n\n\n<figure class=\"wp-block-image size-full\"><a href=\"https:\/\/www.leboiscoudrais.com\/wp-content\/uploads\/2023\/02\/plage-les-chevrets-c.jpg\"><img loading=\"lazy\" decoding=\"async\" width=\"800\" height=\"600\" data-id=\"593\" src=\"https:\/\/www.leboiscoudrais.com\/wp-content\/uploads\/2023\/02\/plage-les-chevrets-c.jpg\" alt=\"Plage Des Chevrets at Saint Coulomb in Brittany\" class=\"wp-image-593\" srcset=\"https:\/\/www.leboiscoudrais.com\/wp-content\/uploads\/2023\/02\/plage-les-chevrets-c.jpg 800w, https:\/\/www.leboiscoudrais.com\/wp-content\/uploads\/2023\/02\/plage-les-chevrets-c-300x225.jpg 300w, https:\/\/www.leboiscoudrais.com\/wp-content\/uploads\/2023\/02\/plage-les-chevrets-c-768x576.jpg 768w, https:\/\/www.leboiscoudrais.com\/wp-content\/uploads\/2023\/02\/plage-les-chevrets-c-16x12.jpg 16w\" sizes=\"auto, (max-width: 800px) 100vw, 800px\" \/><\/a><figcaption class=\"wp-element-caption\">Plage Les Chevrets<\/figcaption><\/figure>\n\n\n\n<figure class=\"wp-block-image size-full\"><a href=\"https:\/\/www.leboiscoudrais.com\/wp-content\/uploads\/2023\/02\/fougeres.jpg\"><img loading=\"lazy\" decoding=\"async\" width=\"960\" height=\"720\" data-id=\"659\" src=\"https:\/\/www.leboiscoudrais.com\/wp-content\/uploads\/2023\/02\/fougeres.jpg\" alt=\"Castle at Foug\u00e8res in the Ille-et-Vilaine department of Brittany\" class=\"wp-image-659\" srcset=\"https:\/\/www.leboiscoudrais.com\/wp-content\/uploads\/2023\/02\/fougeres.jpg 960w, https:\/\/www.leboiscoudrais.com\/wp-content\/uploads\/2023\/02\/fougeres-300x225.jpg 300w, https:\/\/www.leboiscoudrais.com\/wp-content\/uploads\/2023\/02\/fougeres-768x576.jpg 768w, https:\/\/www.leboiscoudrais.com\/wp-content\/uploads\/2023\/02\/fougeres-16x12.jpg 16w\" sizes=\"auto, (max-width: 960px) 100vw, 960px\" \/><\/a><figcaption class=\"wp-element-caption\">Foug\u00e8res<\/figcaption><\/figure>\n\n\n\n<figure class=\"wp-block-image size-full\"><a href=\"https:\/\/www.leboiscoudrais.com\/wp-content\/uploads\/2023\/02\/dinard-clair-de-lune-gr34.jpg\"><img loading=\"lazy\" decoding=\"async\" width=\"960\" height=\"720\" data-id=\"658\" src=\"https:\/\/www.leboiscoudrais.com\/wp-content\/uploads\/2023\/02\/dinard-clair-de-lune-gr34.jpg\" alt=\"GR34 (Sentier de grande randonn\u00e9e)-Promenade du Clair de Lune at Dinard \" class=\"wp-image-658\" srcset=\"https:\/\/www.leboiscoudrais.com\/wp-content\/uploads\/2023\/02\/dinard-clair-de-lune-gr34.jpg 960w, https:\/\/www.leboiscoudrais.com\/wp-content\/uploads\/2023\/02\/dinard-clair-de-lune-gr34-300x225.jpg 300w, https:\/\/www.leboiscoudrais.com\/wp-content\/uploads\/2023\/02\/dinard-clair-de-lune-gr34-768x576.jpg 768w, https:\/\/www.leboiscoudrais.com\/wp-content\/uploads\/2023\/02\/dinard-clair-de-lune-gr34-16x12.jpg 16w\" sizes=\"auto, (max-width: 960px) 100vw, 960px\" \/><\/a><figcaption class=\"wp-element-caption\">Dinard &#8211; Promenade du Clair de Lune &#8211; GR34<\/figcaption><\/figure>\n<\/figure>\n\n<\/div><\/div>","protected":false},"excerpt":{"rendered":"<p>Photos des endroits \u00e0 proximit\u00e9<\/p>","protected":false},"author":5,"featured_media":0,"parent":0,"menu_order":0,"comment_status":"closed","ping_status":"closed","template":"","meta":{"footnotes":""},"class_list":["post-213","page","type-page","status-publish","hentry"],"blocksy_meta":{"styles_descriptor":{"styles":{"desktop":"","tablet":"","mobile":""},"google_fonts":[],"version":6}},"_links":{"self":[{"href":"https:\/\/www.leboiscoudrais.com\/francais\/wp-json\/wp\/v2\/pages\/213","targetHints":{"allow":["GET"]}}],"collection":[{"href":"https:\/\/www.leboiscoudrais.com\/francais\/wp-json\/wp\/v2\/pages"}],"about":[{"href":"https:\/\/www.leboiscoudrais.com\/francais\/wp-json\/wp\/v2\/types\/page"}],"author":[{"embeddable":true,"href":"https:\/\/www.leboiscoudrais.com\/francais\/wp-json\/wp\/v2\/users\/5"}],"replies":[{"embeddable":true,"href":"https:\/\/www.leboiscoudrais.com\/francais\/wp-json\/wp\/v2\/comments?post=213"}],"version-history":[{"count":3,"href":"https:\/\/www.leboiscoudrais.com\/francais\/wp-json\/wp\/v2\/pages\/213\/revisions"}],"predecessor-version":[{"id":938,"href":"https:\/\/www.leboiscoudrais.com\/francais\/wp-json\/wp\/v2\/pages\/213\/revisions\/938"}],"wp:attachment":[{"href":"https:\/\/www.leboiscoudrais.com\/francais\/wp-json\/wp\/v2\/media?parent=213"}],"curies":[{"name":"wp","href":"https:\/\/api.w.org\/{rel}","templated":true}]}}