{"id":210,"date":"2023-01-04T06:47:39","date_gmt":"2023-01-04T06:47:39","guid":{"rendered":"https:\/\/www.leboiscoudrais.com\/?page_id=210"},"modified":"2025-10-03T10:48:28","modified_gmt":"2025-10-03T09:48:28","slug":"the-gites","status":"publish","type":"page","link":"https:\/\/www.leboiscoudrais.com\/francais\/the-gites\/","title":{"rendered":"Les G\u00eetes"},"content":{"rendered":"<div class=\"gb-container gb-container-01a16f62 gb-container-bcbeb744\"><div class=\"gb-inside-container\">\n<div class=\"gb-grid-wrapper gb-grid-wrapper-a0c7b75c\">\n<div class=\"gb-grid-column gb-grid-column-3aa05624\"><div class=\"gb-container gb-container-3aa05624\"><div class=\"gb-inside-container\">\n<style>.wp-block-kadence-advancedgallery .kb-gallery-type-grid.kb-gallery-id-210_cad9cb-29{margin:-5px;}.kb-gallery-type-grid.kb-gallery-id-210_cad9cb-29 .kadence-blocks-gallery-item{padding:5px;}.kb-gallery-id-210_cad9cb-29 .kadence-blocks-gallery-item .kb-gal-image-radius, .kb-gallery-id-210_cad9cb-29 .kb-slide-item .kb-gal-image-radius img{border-radius:0px 0px 0px 0px;;}<\/style><div class=\"kb-gallery-wrap-id-210_cad9cb-29 alignnone wp-block-kadence-advancedgallery\"><ul class=\"kb-gallery-ul kb-gallery-non-static kb-gallery-type-grid kb-gallery-id-210_cad9cb-29 kb-gallery-caption-style-bottom-hover kb-gallery-filter-none kb-gallery-magnific-init\" data-image-filter=\"none\" data-item-selector=\".kadence-blocks-gallery-item\" data-lightbox-caption=\"true\" data-columns-xxl=\"2\" data-columns-xl=\"2\" data-columns-md=\"2\" data-columns-sm=\"2\" data-columns-xs=\"1\" data-columns-ss=\"1\"><li class=\"kadence-blocks-gallery-item\"><div class=\"kadence-blocks-gallery-item-inner\"><figure class=\"kb-gallery-figure kb-gallery-item-has-link kadence-blocks-gallery-item-hide-caption\"><a href=\"https:\/\/www.leboiscoudrais.com\/wp-content\/uploads\/2023\/01\/breakfast-under-the-weeping-willow-c.jpg\" data-description=\"Breakfast under the weeping willow\" data-alt=\"Breakfast under the weeping willow at Le Bois Coudrais gites\" class=\"kb-gallery-item-link\"   role=\"button\" aria-haspopup=\"dialog\"><div class=\"kb-gal-image-radius\"><div class=\"kb-gallery-image-contain kadence-blocks-gallery-intrinsic kb-gallery-image-ratio-land43 kb-has-image-ratio-land43\" ><img loading=\"lazy\" decoding=\"async\" src=\"https:\/\/www.leboiscoudrais.com\/wp-content\/uploads\/2023\/01\/breakfast-under-the-weeping-willow-c.jpg\" width=\"600\" height=\"450\" alt=\"Breakfast under the weeping willow at Le Bois Coudrais gites\" data-full-image=\"https:\/\/www.leboiscoudrais.com\/wp-content\/uploads\/2023\/01\/breakfast-under-the-weeping-willow-c.jpg\" data-light-image=\"https:\/\/www.leboiscoudrais.com\/wp-content\/uploads\/2023\/01\/breakfast-under-the-weeping-willow-c.jpg\" data-id=\"337\" class=\"wp-image-337\" srcset=\"https:\/\/www.leboiscoudrais.com\/wp-content\/uploads\/2023\/01\/breakfast-under-the-weeping-willow-c.jpg 600w, https:\/\/www.leboiscoudrais.com\/wp-content\/uploads\/2023\/01\/breakfast-under-the-weeping-willow-c-300x225.jpg 300w, https:\/\/www.leboiscoudrais.com\/wp-content\/uploads\/2023\/01\/breakfast-under-the-weeping-willow-c-16x12.jpg 16w\" sizes=\"auto, (max-width: 600px) 100vw, 600px\" \/><\/div><\/div><\/a><\/figure><\/div><\/li><li class=\"kadence-blocks-gallery-item\"><div class=\"kadence-blocks-gallery-item-inner\"><figure class=\"kb-gallery-figure kb-gallery-item-has-link kadence-blocks-gallery-item-hide-caption\"><a href=\"https:\/\/www.leboiscoudrais.com\/wp-content\/uploads\/2023\/01\/main-house-pool-and-gite-gardens-c.jpg\" data-description=\"Aerial View\" data-alt=\"Aerial view of Le Bois Coudrais main house-pool and gite gardens\" class=\"kb-gallery-item-link\"   role=\"button\" aria-haspopup=\"dialog\"><div class=\"kb-gal-image-radius\"><div class=\"kb-gallery-image-contain kadence-blocks-gallery-intrinsic kb-gallery-image-ratio-land43 kb-has-image-ratio-land43\" ><img loading=\"lazy\" decoding=\"async\" src=\"https:\/\/www.leboiscoudrais.com\/wp-content\/uploads\/2023\/01\/main-house-pool-and-gite-gardens-c.jpg\" width=\"600\" height=\"450\" alt=\"Aerial view of Le Bois Coudrais main house-pool and gite gardens\" data-full-image=\"https:\/\/www.leboiscoudrais.com\/wp-content\/uploads\/2023\/01\/main-house-pool-and-gite-gardens-c.jpg\" data-light-image=\"https:\/\/www.leboiscoudrais.com\/wp-content\/uploads\/2023\/01\/main-house-pool-and-gite-gardens-c.jpg\" data-id=\"338\" class=\"wp-image-338\" srcset=\"https:\/\/www.leboiscoudrais.com\/wp-content\/uploads\/2023\/01\/main-house-pool-and-gite-gardens-c.jpg 600w, https:\/\/www.leboiscoudrais.com\/wp-content\/uploads\/2023\/01\/main-house-pool-and-gite-gardens-c-300x225.jpg 300w, https:\/\/www.leboiscoudrais.com\/wp-content\/uploads\/2023\/01\/main-house-pool-and-gite-gardens-c-16x12.jpg 16w\" sizes=\"auto, (max-width: 600px) 100vw, 600px\" \/><\/div><\/div><\/a><\/figure><\/div><\/li><li class=\"kadence-blocks-gallery-item\"><div class=\"kadence-blocks-gallery-item-inner\"><figure class=\"kb-gallery-figure kb-gallery-item-has-link kadence-blocks-gallery-item-hide-caption\"><a href=\"https:\/\/www.leboiscoudrais.com\/wp-content\/uploads\/2023\/01\/playground-entrance-c.jpg\" data-description=\"Playground\" data-alt=\"Playground entrance at Le Bois Coudrais with overhead treillis\" class=\"kb-gallery-item-link\"   role=\"button\" aria-haspopup=\"dialog\"><div class=\"kb-gal-image-radius\"><div class=\"kb-gallery-image-contain kadence-blocks-gallery-intrinsic kb-gallery-image-ratio-land43 kb-has-image-ratio-land43\" ><img loading=\"lazy\" decoding=\"async\" src=\"https:\/\/www.leboiscoudrais.com\/wp-content\/uploads\/2023\/01\/playground-entrance-c.jpg\" width=\"450\" height=\"600\" alt=\"Playground entrance at Le Bois Coudrais with overhead treillis\" data-full-image=\"https:\/\/www.leboiscoudrais.com\/wp-content\/uploads\/2023\/01\/playground-entrance-c.jpg\" data-light-image=\"https:\/\/www.leboiscoudrais.com\/wp-content\/uploads\/2023\/01\/playground-entrance-c.jpg\" data-id=\"339\" class=\"wp-image-339\" srcset=\"https:\/\/www.leboiscoudrais.com\/wp-content\/uploads\/2023\/01\/playground-entrance-c.jpg 450w, https:\/\/www.leboiscoudrais.com\/wp-content\/uploads\/2023\/01\/playground-entrance-c-225x300.jpg 225w, https:\/\/www.leboiscoudrais.com\/wp-content\/uploads\/2023\/01\/playground-entrance-c-9x12.jpg 9w\" sizes=\"auto, (max-width: 450px) 100vw, 450px\" \/><\/div><\/div><\/a><\/figure><\/div><\/li><li class=\"kadence-blocks-gallery-item\"><div class=\"kadence-blocks-gallery-item-inner\"><figure class=\"kb-gallery-figure kb-gallery-item-has-link kadence-blocks-gallery-item-hide-caption\"><a href=\"https:\/\/www.leboiscoudrais.com\/wp-content\/uploads\/2023\/01\/entrance-c.jpg\" data-description=\"Entrance to Le Gite\" data-alt=\"Entrance to Le Bois Coudrais gite\" class=\"kb-gallery-item-link\"   role=\"button\" aria-haspopup=\"dialog\"><div class=\"kb-gal-image-radius\"><div class=\"kb-gallery-image-contain kadence-blocks-gallery-intrinsic kb-gallery-image-ratio-land43 kb-has-image-ratio-land43\" ><img loading=\"lazy\" decoding=\"async\" src=\"https:\/\/www.leboiscoudrais.com\/wp-content\/uploads\/2023\/01\/entrance-c.jpg\" width=\"600\" height=\"600\" alt=\"Entrance to Le Bois Coudrais gite\" data-full-image=\"https:\/\/www.leboiscoudrais.com\/wp-content\/uploads\/2023\/01\/entrance-c.jpg\" data-light-image=\"https:\/\/www.leboiscoudrais.com\/wp-content\/uploads\/2023\/01\/entrance-c.jpg\" data-id=\"340\" class=\"wp-image-340\" srcset=\"https:\/\/www.leboiscoudrais.com\/wp-content\/uploads\/2023\/01\/entrance-c.jpg 600w, https:\/\/www.leboiscoudrais.com\/wp-content\/uploads\/2023\/01\/entrance-c-300x300.jpg 300w, https:\/\/www.leboiscoudrais.com\/wp-content\/uploads\/2023\/01\/entrance-c-150x150.jpg 150w, https:\/\/www.leboiscoudrais.com\/wp-content\/uploads\/2023\/01\/entrance-c-12x12.jpg 12w\" sizes=\"auto, (max-width: 600px) 100vw, 600px\" \/><\/div><\/div><\/a><\/figure><\/div><\/li><\/ul><\/div>\n<\/div><\/div><\/div>\n\n<div class=\"gb-grid-column gb-grid-column-e41aa1c3\"><div class=\"gb-container gb-container-e41aa1c3\"><div class=\"gb-inside-container\">\n\n<p>Les quatre g\u00eetes - des b\u00e2timents de ferme reconvertis, 3 reli\u00e9s, 1 d\u00e9tach\u00e9, sont situ\u00e9s \u00e0 droite de la propri\u00e9t\u00e9 principale.&nbsp;<\/p>\n\n\n\n<p>Elles sont confortables et pleines de caract\u00e8re avec leurs poutres et leurs pierres apparentes. Les espaces de vie ouverts, les cuisines \u00e9quip\u00e9es, les chambres au plafond en pente et les jardins avec terrasse individuels avec barbecue offrent tout ce dont vous avez besoin pour vos vacances.<\/p>\n\n\n\n<p>Les g\u00eetes peuvent accueillir de 2 \u00e0 17 (+ lits bebe) au total et sont id\u00e9aux pour les familles ou les groupes d\u2019amis qui souhaitent passer des vacances ensemble, tout en offrant leur propre espace.&nbsp;<\/p>\n\n\n\n<p>Les jours d\u2019arriv\u00e9e pour tous les g\u00eetes sont flexibles avec un s\u00e9jour minimum de 7 jours pendant juillet et ao\u00fbt <\/p>\n\n\n\n<p><\/p>\n\n\n\n<p>Un endroit id\u00e9al pour les familles en haute saison, mais parfait pour les adultes\/seniors, hors vacances scolaires, qui cherchent calme et tranquillit\u00e9<\/p>\n\n<\/div><\/div><\/div>\n<\/div>\n<\/div><\/div>\n\n<div class=\"gb-container gb-container-56dcd34b gb-container-fdd2788d\"><div class=\"gb-inside-container\">\n<div class=\"gb-grid-wrapper gb-grid-wrapper-2135da76\">\n<div class=\"gb-grid-column gb-grid-column-a0c5e852\"><div class=\"gb-container gb-container-a0c5e852\"><a class=\"gb-container-link\" href=\"https:\/\/www.leboiscoudrais.com\/francais\/the-gites\/bakery\/\"><\/a><div class=\"gb-inside-container\">\n\n<h4 class=\"gb-headline gb-headline-2e34a13f gb-headline-text gb-headline-753f7fc5\">La Vieille Boulangerie<\/h4>\n\n\n\n<figure class=\"gb-block-image gb-block-image-f28d97ef\"><img loading=\"lazy\" decoding=\"async\" width=\"750\" height=\"562\" class=\"gb-image gb-image-f28d97ef\" src=\"https:\/\/www.leboiscoudrais.com\/wp-content\/uploads\/2023\/01\/the-old-bakery3-c.jpg\" alt=\"The Old Bakery open plan lounge-dining area-kitchen-staircase leading to mezzanine level\" title=\"The Old Bakery3-c\" srcset=\"https:\/\/www.leboiscoudrais.com\/wp-content\/uploads\/2023\/01\/the-old-bakery3-c.jpg 750w, https:\/\/www.leboiscoudrais.com\/wp-content\/uploads\/2023\/01\/the-old-bakery3-c-300x225.jpg 300w, https:\/\/www.leboiscoudrais.com\/wp-content\/uploads\/2023\/01\/the-old-bakery3-c-16x12.jpg 16w\" sizes=\"auto, (max-width: 750px) 100vw, 750px\" \/><\/figure>\n\n<\/div><\/div><\/div>\n\n<div class=\"gb-grid-column gb-grid-column-e691d473\"><div class=\"gb-container gb-container-e691d473\"><a class=\"gb-container-link\" href=\"https:\/\/www.leboiscoudrais.com\/francais\/the-gites\/granary\/\"><\/a><div class=\"gb-inside-container\">\n\n<h4 class=\"gb-headline gb-headline-c89af5fa gb-headline-text gb-headline-753f7fc5\">Le Vieux Grenier<\/h4>\n\n\n\n<figure class=\"gb-block-image gb-block-image-801a2174\"><img loading=\"lazy\" decoding=\"async\" width=\"750\" height=\"562\" class=\"gb-image gb-image-801a2174\" src=\"https:\/\/www.leboiscoudrais.com\/wp-content\/uploads\/2023\/01\/the-old-granary2-c.jpg\" alt=\"White kitchen and dining area in the Old Granary gite\" title=\"The Old Granary2-c\" srcset=\"https:\/\/www.leboiscoudrais.com\/wp-content\/uploads\/2023\/01\/the-old-granary2-c.jpg 750w, https:\/\/www.leboiscoudrais.com\/wp-content\/uploads\/2023\/01\/the-old-granary2-c-300x225.jpg 300w, https:\/\/www.leboiscoudrais.com\/wp-content\/uploads\/2023\/01\/the-old-granary2-c-16x12.jpg 16w\" sizes=\"auto, (max-width: 750px) 100vw, 750px\" \/><\/figure>\n\n<\/div><\/div><\/div>\n\n<div class=\"gb-grid-column gb-grid-column-836ca4c0\"><div class=\"gb-container gb-container-836ca4c0\"><a class=\"gb-container-link\" href=\"https:\/\/www.leboiscoudrais.com\/francais\/the-gites\/mill-one\/\"><\/a><div class=\"gb-inside-container\">\n\n<h4 class=\"gb-headline gb-headline-a2c96371 gb-headline-text gb-headline-753f7fc5\">Le Moulin 1<\/h4>\n\n\n\n<figure class=\"gb-block-image gb-block-image-474ae70a\"><img loading=\"lazy\" decoding=\"async\" width=\"750\" height=\"1000\" class=\"gb-image gb-image-474ae70a\" src=\"https:\/\/www.leboiscoudrais.com\/wp-content\/uploads\/2023\/01\/mill-one-c-1.jpg\" alt=\"Lounge-dining area in Mill One gite-leather 3-seater sofa-armchair-table-chairs\" title=\"Mill One-c\" srcset=\"https:\/\/www.leboiscoudrais.com\/wp-content\/uploads\/2023\/01\/mill-one-c-1.jpg 750w, https:\/\/www.leboiscoudrais.com\/wp-content\/uploads\/2023\/01\/mill-one-c-1-225x300.jpg 225w, https:\/\/www.leboiscoudrais.com\/wp-content\/uploads\/2023\/01\/mill-one-c-1-9x12.jpg 9w\" sizes=\"auto, (max-width: 750px) 100vw, 750px\" \/><\/figure>\n\n<\/div><\/div><\/div>\n\n<div class=\"gb-grid-column gb-grid-column-9193ea77\"><div class=\"gb-container gb-container-9193ea77\"><a class=\"gb-container-link\" href=\"https:\/\/www.leboiscoudrais.com\/francais\/the-gites\/mill-two\/\"><\/a><div class=\"gb-inside-container\">\n\n<h4 class=\"gb-headline gb-headline-7595abc9 gb-headline-text gb-headline-753f7fc5\">Le Moulin 2<\/h4>\n\n\n\n<figure class=\"gb-block-image gb-block-image-988cfb3a\"><img loading=\"lazy\" decoding=\"async\" width=\"750\" height=\"562\" class=\"gb-image gb-image-988cfb3a\" src=\"https:\/\/www.leboiscoudrais.com\/wp-content\/uploads\/2023\/01\/mill-two3-c.jpg\" alt=\"Mill Two open plan lounge-dining area-French doors-beams on ceiling-3 seater sofa-armchair-dresser\" title=\"Mill two3-c\" srcset=\"https:\/\/www.leboiscoudrais.com\/wp-content\/uploads\/2023\/01\/mill-two3-c.jpg 750w, https:\/\/www.leboiscoudrais.com\/wp-content\/uploads\/2023\/01\/mill-two3-c-300x225.jpg 300w, https:\/\/www.leboiscoudrais.com\/wp-content\/uploads\/2023\/01\/mill-two3-c-16x12.jpg 16w\" sizes=\"auto, (max-width: 750px) 100vw, 750px\" \/><\/figure>\n\n<\/div><\/div><\/div>\n<\/div>\n<\/div><\/div>\n\n<div class=\"gb-container gb-container-952c1de8 gb-container-bcbeb744\"><div class=\"gb-inside-container\">\n<style>.wp-block-kadence-column.kb-section-dir-horizontal > .kt-inside-inner-col > .kt-info-box210_c24985-8c .kt-blocks-info-box-link-wrap{max-width:unset;}.kt-info-box210_c24985-8c .kt-blocks-info-box-link-wrap{border-top-left-radius:0px;border-top-right-radius:0px;border-bottom-right-radius:0px;border-bottom-left-radius:0px;background:var(--theme-palette-color-5, #e7eef4);padding-top:20px;padding-right:20px;padding-bottom:20px;padding-left:20px;}.kt-info-box210_c24985-8c .kt-blocks-info-box-link-wrap:hover{background:var(--theme-palette-color-8, #FAFAFA);}.kt-info-box210_c24985-8c .kadence-info-box-icon-container .kt-info-svg-icon, .kt-info-box210_c24985-8c .kt-info-svg-icon-flip, .kt-info-box210_c24985-8c .kt-blocks-info-box-number{font-size:50px;}.kt-info-box210_c24985-8c .kt-blocks-info-box-media{color:var(--theme-palette-color-3, #002845);background:transparent;border-color:#444444;border-top-width:0px;border-right-width:0px;border-bottom-width:0px;border-left-width:0px;padding-top:10px;padding-right:10px;padding-bottom:10px;padding-left:10px;}.kt-info-box210_c24985-8c .kt-blocks-info-box-media-container{margin-top:0px;margin-right:15px;margin-bottom:0px;margin-left:15px;}.kt-info-box210_c24985-8c .kt-blocks-info-box-link-wrap:hover .kt-blocks-info-box-media{color:var(--theme-palette-color-1, #005890);background:transparent;border-color:#444444;}.kt-info-box210_c24985-8c .kt-infobox-textcontent h4.kt-blocks-info-box-title{padding-top:0px;padding-right:0px;padding-bottom:0px;padding-left:0px;margin-top:5px;margin-right:0px;margin-bottom:10px;margin-left:0px;}.kt-info-box210_c24985-8c .kt-infobox-textcontent .kt-blocks-info-box-text{color:var(--theme-palette-color-4, #003357);}.kt-info-box210_c24985-8c .kt-blocks-info-box-learnmore{background:transparent;border-color:#555555;border-width:0px 0px 0px 0px;padding-top:4px;padding-right:8px;padding-bottom:4px;padding-left:8px;margin-top:10px;margin-right:0px;margin-bottom:10px;margin-left:0px;}.kt-info-box210_c24985-8c .kt-blocks-info-box-link-wrap:hover .kt-blocks-info-box-learnmore,.kt-info-box210_c24985-8c .kt-blocks-info-box-link-wrap .kt-blocks-info-box-learnmore:focus{color:#ffffff;background:#444444;border-color:#444444;}<\/style>\n<div class=\"wp-block-kadence-infobox kt-info-box210_c24985-8c\"><span class=\"kt-blocks-info-box-link-wrap info-box-link kt-blocks-info-box-media-align-top kt-info-halign-center\"><div class=\"kt-blocks-info-box-media-container\"><div class=\"kt-blocks-info-box-media kt-info-media-animate-none\"><div class=\"kadence-info-box-icon-container kt-info-icon-animate-none\"><div class=\"kadence-info-box-icon-inner-container\"><span class=\"kb-svg-icon-wrap kb-svg-icon-fe_alertCircle kt-info-svg-icon\"><svg viewbox=\"0 0 24 24\"  fill=\"none\" stroke=\"currentColor\" stroke-width=\"2\" stroke-linecap=\"round\" stroke-linejoin=\"round\" xmlns=\"http:\/\/www.w3.org\/2000\/svg\"  aria-hidden=\"true\"><circle cx=\"12\" cy=\"12\" r=\"10\"\/><line x1=\"12\" y1=\"8\" x2=\"12\" y2=\"12\"\/><line x1=\"12\" y1=\"16\" x2=\"12\" y2=\"16\"\/><\/svg><\/span><\/div><\/div><\/div><\/div><div class=\"kt-infobox-textcontent\"><h4 class=\"kt-blocks-info-box-title\">\u00c0 noter<\/h4><p class=\"kt-blocks-info-box-text\"><br> Les jours de d\u00e9part et d'arriv\u00e9e sont flexibles, avec un s\u00e9jour minimum de 7 nuits en juillet et ao\u00fbt. Le reste de l'ann\u00e9e, la dur\u00e9e minimum est de 3 nuits.<\/p><\/div><\/span><\/div>\n\n<\/div><\/div>","protected":false},"excerpt":{"rendered":"","protected":false},"author":5,"featured_media":0,"parent":0,"menu_order":0,"comment_status":"closed","ping_status":"closed","template":"","meta":{"footnotes":""},"class_list":["post-210","page","type-page","status-publish","hentry"],"blocksy_meta":{"styles_descriptor":{"styles":{"desktop":"","tablet":"","mobile":""},"google_fonts":[],"version":6}},"_links":{"self":[{"href":"https:\/\/www.leboiscoudrais.com\/francais\/wp-json\/wp\/v2\/pages\/210","targetHints":{"allow":["GET"]}}],"collection":[{"href":"https:\/\/www.leboiscoudrais.com\/francais\/wp-json\/wp\/v2\/pages"}],"about":[{"href":"https:\/\/www.leboiscoudrais.com\/francais\/wp-json\/wp\/v2\/types\/page"}],"author":[{"embeddable":true,"href":"https:\/\/www.leboiscoudrais.com\/francais\/wp-json\/wp\/v2\/users\/5"}],"replies":[{"embeddable":true,"href":"https:\/\/www.leboiscoudrais.com\/francais\/wp-json\/wp\/v2\/comments?post=210"}],"version-history":[{"count":3,"href":"https:\/\/www.leboiscoudrais.com\/francais\/wp-json\/wp\/v2\/pages\/210\/revisions"}],"predecessor-version":[{"id":1015,"href":"https:\/\/www.leboiscoudrais.com\/francais\/wp-json\/wp\/v2\/pages\/210\/revisions\/1015"}],"wp:attachment":[{"href":"https:\/\/www.leboiscoudrais.com\/francais\/wp-json\/wp\/v2\/media?parent=210"}],"curies":[{"name":"wp","href":"https:\/\/api.w.org\/{rel}","templated":true}]}}