{"id":13,"date":"2021-05-13T16:25:54","date_gmt":"2021-05-13T14:25:54","guid":{"rendered":"https:\/\/dev.digitalcreativelab.co\/blocksybase\/?page_id=13"},"modified":"2025-09-15T15:54:27","modified_gmt":"2025-09-15T14:54:27","slug":"tcs","status":"publish","type":"page","link":"https:\/\/www.leboiscoudrais.com\/francais\/tcs\/","title":{"rendered":"Termes et Conditions"},"content":{"rendered":"<div class=\"gb-container gb-container-2f0002a6 gb-container-bcbeb744\"><div class=\"gb-inside-container\">\n\n<h2 class=\"gb-headline gb-headline-42cf8142 gb-headline-text gb-headline-6090ddeb\">R\u00e9glemente int\u00e9rieur<\/h2>\n\n\n\n<h3 class=\"gb-headline gb-headline-0f66c10c gb-headline-text gb-headline-6090ddeb\">Les Gites\/G\u00e9n\u00e9rale<\/h3>\n\n\n\n<ul class=\"wp-block-list\">\n<li>Les informations sur notre site web www.leboiscoudrais.com sont uniquement \u00e0 des fins d'information g\u00e9n\u00e9rale. Votre utilisation de notre site web est uniquement votre choix. Le site peut contenir des liens vers du contenu tiers pour lequel nous ne garantissons, n'approuvons ni n'assumons aucune responsabilit\u00e9<\/li>\n\n\n\n<li>Le client s'engage \u00e0 prendre bien soin de la propri\u00e9t\u00e9 et \u00e0 la laisser propre et rang\u00e9e \u00e0 la fin de la location.&nbsp;<\/li>\n\n\n\n<li>La propri\u00e9t\u00e9 est propos\u00e9e en location de vacances sous r\u00e9serve de confirmation pr\u00e9alable par le propri\u00e9taire.<\/li>\n\n\n\n<li>Pour r\u00e9server la propri\u00e9t\u00e9, le client doit remplir et envoyer le formulaire de r\u00e9servation et sera ensuite contact\u00e9 par le propri\u00e9taire. Le paiement est de 25% de la location au moment de la r\u00e9servation et le paiement complet 8 semaines avant vos vacances. Les paiements sont en euros et peuvent \u00eatre r\u00e9gl\u00e9s par virement bancaire sur notre compte fran\u00e7ais ou par carte bancaire via un lien s\u00e9curis\u00e9.<\/li>\n\n\n\n<li>Apr\u00e8s r\u00e9ception du formulaire de r\u00e9servation et du d\u00e9p\u00f4t de garantie, le propri\u00e9taire enverra une confirmation par courrier \u00e9lectronique. Ceci est l'acceptation formelle de la r\u00e9servation.<\/li>\n\n\n\n<li>L\u2019acompte est non remboursable en cas d'annulation de vacances.&nbsp;<strong>non remboursable<\/strong>&nbsp;en cas d'annulation de s\u00e9jour&nbsp;<\/li>\n\n\n\n<li>Le paiement int\u00e9gral est payable 8 semaines avant l'arriv\u00e9e, mais vous serez contact\u00e9 avec un rappel avant la date buttoir. Si le paiement n'est pas re\u00e7u, nous vous recontacterons avant d'annuler \u00e9ventuellement votre r\u00e9servation et de conserver votre acompte.<\/li>\n\n\n\n<li>Les r\u00e9servations effectu\u00e9es moins de 8 semaines avant le d\u00e9but de vos vacances doivent \u00eatre r\u00e9gl\u00e9es int\u00e9gralement au moment de la r\u00e9servation.<\/li>\n\n\n\n<li>En cas d'annulation \u00e0 moins de 8 semaines avant la date d'arriv\u00e9e, les frais d'annulation seront conserv\u00e9s. Nous vous recommandons donc fortement de souscrire \u00e0 une assurance annulation afin de couvrir cette \u00e9ventualit\u00e9.<\/li>\n\n\n\n<li>A votre d\u00e9part, nous vous demandons de laisser le gite en bon \u00e9tat , avec un m\u00e9nage de base effectu\u00e9 par vos soins. (Veuillez nous contacter pour plus des d\u00e9tails) afin que nous puissions proc\u00e9der \u00e0 un nettoyage en profondeur et pr\u00e9parer le gite pour les prochains clients. Si vous n\u2019\u00eates pas en mesure de le faire, une suppl\u00e9ment de \u20ac75 pourra \u00eatre vers\u00e9 sur place.<\/li>\n\n\n\n<li>Le linge de maison n'est pas inclus mais peut \u00eatre lou\u00e9 moyennant un suppl\u00e9ment de 20 euros par personne et par semaine. Veuillez noter que nous ne fournissons pas de serviettes.<\/li>\n\n\n\n<li>Aucune caution de s\u00e9curit\u00e9 n'est requis, nous esp\u00e9rons que vous nous informerez de tout dommage caus\u00e9 \u00e0 la propri\u00e9t\u00e9 et que vous nettoierez le g\u00eete \u00e0 votre d\u00e9part ou que vous nous aviserez que vous ne pouvez pas le faire.<\/li>\n\n\n\n<li>La p\u00e9riode de location commence \u00e0 16h00 le premier jour et se termine \u00e0 10h00 le dernier jour (sauf accord pr\u00e9alable). <\/li>\n\n\n\n<li>Le nombre des personnes ne doit pas d\u00e9passer le nombre indiqu\u00e9 au moment de la r\u00e9servation (sauf accord pr\u00e9alable).<\/li>\n\n\n\n<li>Le gaz, l'\u00e9lectricit\u00e9, l'eau et l'utilisation compl\u00e8te de toutes les installations du site.<\/li>\n\n\n\n<li>Nous ne pouvons \u00eatre tenus responsables de rembourser nos clients si le gouvernement ou les lois locales interdisent l'utilisation de l'eau pour l'entretien de la piscine for\u00e7ant ainsi la fermeture de la piscine<\/li>\n\n\n\n<li><strong>Covid 19: Dans le cas o\u00f9 nous pourrions pas ouvrir en raison de la r\u00e9glementation gouvernementale fran\u00e7aise li\u00e9e \u00e0 la Covid-19 ou si les fronti\u00e8res fran\u00e7aises seraient ferm\u00e9es, nous \u00e9mettrons un avoir correspondant au montant des acomptes d\u00e9j\u00e0 vers\u00e9s. Ce dernier sera valable 18 mois \u00e0 compter de la date d\u2019\u00e9ch\u00e9ance de votre s\u00e9jour.&nbsp;<br>Merci de bien prendre en note que si vous ne pouvez pas, ou ne souhaitez pas, voyager pour toute autre raison li\u00e9e \u00e0 la Covid, votre acompte ne sera pas rembours\u00e9. Ainsi, nous vous recommandons fortement de souscire \u00e0 une assurance annulation au moment de votre r\u00e9servation afin de couvrir cette \u00e9ventualit\u00e9.&nbsp;<\/strong><strong>eventuality.&nbsp;<\/strong><\/li>\n<\/ul>\n\n<\/div><\/div>","protected":false},"excerpt":{"rendered":"<p>Terms and Conditions The Gites\/ General<\/p>","protected":false},"author":5,"featured_media":0,"parent":0,"menu_order":0,"comment_status":"closed","ping_status":"closed","template":"","meta":{"footnotes":""},"class_list":["post-13","page","type-page","status-publish","hentry"],"blocksy_meta":{"styles_descriptor":{"styles":{"desktop":"","tablet":"","mobile":""},"google_fonts":[],"version":6}},"_links":{"self":[{"href":"https:\/\/www.leboiscoudrais.com\/francais\/wp-json\/wp\/v2\/pages\/13","targetHints":{"allow":["GET"]}}],"collection":[{"href":"https:\/\/www.leboiscoudrais.com\/francais\/wp-json\/wp\/v2\/pages"}],"about":[{"href":"https:\/\/www.leboiscoudrais.com\/francais\/wp-json\/wp\/v2\/types\/page"}],"author":[{"embeddable":true,"href":"https:\/\/www.leboiscoudrais.com\/francais\/wp-json\/wp\/v2\/users\/5"}],"replies":[{"embeddable":true,"href":"https:\/\/www.leboiscoudrais.com\/francais\/wp-json\/wp\/v2\/comments?post=13"}],"version-history":[{"count":3,"href":"https:\/\/www.leboiscoudrais.com\/francais\/wp-json\/wp\/v2\/pages\/13\/revisions"}],"predecessor-version":[{"id":989,"href":"https:\/\/www.leboiscoudrais.com\/francais\/wp-json\/wp\/v2\/pages\/13\/revisions\/989"}],"wp:attachment":[{"href":"https:\/\/www.leboiscoudrais.com\/francais\/wp-json\/wp\/v2\/media?parent=13"}],"curies":[{"name":"wp","href":"https:\/\/api.w.org\/{rel}","templated":true}]}}